{"id":15559,"date":"2018-04-28T14:21:46","date_gmt":"2018-04-28T21:21:46","guid":{"rendered":"http:\/\/towncats.org\/sandbox202604\/?page_id=15559"},"modified":"2026-03-25T11:51:31","modified_gmt":"2026-03-25T18:51:31","slug":"foster","status":"publish","type":"page","link":"http:\/\/towncats.org\/sandbox202604\/foster\/","title":{"rendered":"Foster"},"content":{"rendered":"<p>[vc_row row_type=&#8221;row&#8221; use_row_as_full_screen_section=&#8221;no&#8221; type=&#8221;full_width&#8221; angled_section=&#8221;no&#8221; text_align=&#8221;left&#8221; background_image_as_pattern=&#8221;without_pattern&#8221;][vc_column width=&#8221;1\/4&#8243; css=&#8221;.vc_custom_1774464319377{margin: 0px !important;padding: 0px !important;border: 0px initial !important;}&#8221;][\/vc_column][vc_column width=&#8221;3\/4&#8243;][\/vc_column][\/vc_row][vc_row css=&#8221;.vc_custom_1774464614905{padding-top: 20px !important;}&#8221;][vc_column width=&#8221;1\/4&#8243;][vc_single_image image=&#8221;21080&#8243; img_size=&#8221;300&#215;325&#8243; style=&#8221;vc_box_rounded&#8221;][\/vc_column][vc_column width=&#8221;3\/4&#8243;][vc_column_text]<\/p>\n<h2 class=\"p1\"><strong><span class=\"s1\">Why Foster?<\/span><\/strong><\/h2>\n<p class=\"p1\"><strong>Fostering offers cats a gentle place to land \u2014 a safe, loving home where they can grow, heal, and feel secure until they\u2019re ready for adoption.<\/strong> From tiny kittens to wise seniors to cats who simply need extra patience and comfort, your care becomes the turning point in their story. It\u2019s a heartfelt journey, and while it can be emotional, the difference you make is profound. In their eyes, you\u2019re not just helping\u2026 you\u2019re giving them a real chance.<\/p>\n<p><em>Si necesita la aplicaci\u00f3n en espa\u00f1ol, env\u00ede un correo electr\u00f3nico a <a href=\"mailto:info@towncats.org\">info@towncats.org<\/a><\/em>[\/vc_column_text][vc_btn title=&#8221;Apply To Join Our Volunteer Foster Program&#8221; style=&#8221;custom&#8221; custom_background=&#8221;#6650a1&#8243; custom_text=&#8221;#ffffff&#8221; align=&#8221;center&#8221; i_icon_fontawesome=&#8221;fa fa-heart-o&#8221; button_block=&#8221;true&#8221; add_icon=&#8221;true&#8221; link=&#8221;url:https%3A%2F%2Fnew.shelterluv.com%2Fmatchme%2Ffoster%2FTOWN%2FCat||target:%20_blank|&#8221;][\/vc_column][\/vc_row][vc_row gap=&#8221;1&#8243; equal_height=&#8221;yes&#8221; css=&#8221;.vc_custom_1774464504407{margin-top: 0px !important;margin-right: 0px !important;margin-bottom: 0px !important;margin-left: 0px !important;padding-top: 0px !important;padding-right: 0px !important;padding-bottom: 0px !important;padding-left: 0px !important;}&#8221;][vc_column css=&#8221;.vc_custom_1763595038645{background-color: #f1f1f1 !important;}&#8221;][vc_column_text css=&#8221;.vc_custom_1763598444899{border-top-width: 0px !important;border-right-width: 0px !important;border-bottom-width: 0px !important;border-left-width: 0px !important;border-left-color: #ffffff !important;border-left-style: dotted !important;border-right-color: #ffffff !important;border-right-style: dotted !important;border-top-color: #ffffff !important;border-top-style: dotted !important;border-bottom-color: #ffffff !important;border-bottom-style: dotted !important;}&#8221;]<\/p>\n<h5><b>What you\u2019ll do:<\/b><\/h5>\n<p><span style=\"font-weight: 400;\">As a foster, you\u2019ll take care of daily needs like feeding, litter box upkeep, and any required medications. You\u2019ll also help socialize your foster cats so they become confident and comfortable around people. When needed, you\u2019ll bring them to vet appointments or adoption events. Each foster stay varies, but most range from a few weeks to a few months depending on the cat\u2019s situation.<\/span>[\/vc_column_text][vc_column_text css=&#8221;.vc_custom_1763598528455{border-top-width: 4px !important;padding-top: 20px !important;border-top-color: #ffffff !important;border-top-style: dotted !important;border-radius: 4px !important;}&#8221;]<\/p>\n<h5 data-start=\"1005\" data-end=\"1022\"><strong>How it works:<\/strong><\/h5>\n<p data-start=\"1023\" data-end=\"1404\"><span style=\"font-weight: 400;\">When a cat or litter needs a temporary home, we\u2019ll reach out to you. Once they arrive, you\u2019ll provide a safe, stable space while they grow or recover. We\u2019ll schedule their spay\/neuter surgery when they\u2019re ready, and you\u2019ll help them through a short recovery period. After they heal, we\u2019ll coordinate their transition into our adoption program so they can find their forever family.<\/span><\/p>\n<p>[\/vc_column_text][vc_column_text css=&#8221;.vc_custom_1763596625782{border-top-width: 4px !important;padding-top: 20px !important;border-top-color: #ffffff !important;border-top-style: dotted !important;border-radius: 4px !important;}&#8221;]<\/p>\n<h5><strong>What we ask of you:<\/strong><\/h5>\n<p>Foster volunteers should have basic cat-care knowledge and complete our Volunteer Orientation and Foster Training. A separate room or quiet area is important to help new fosters settle in. You\u2019ll need to be comfortable managing occasional vet visits and be at least 18 years old. We also ask that fosters aren\u2019t left alone for long stretches so they receive consistent care and socialization. While some minor costs may come up, we\u2019re here to support you throughout the process.[\/vc_column_text][vc_column_text css=&#8221;.vc_custom_1774464479560{border-top-width: 4px !important;padding-top: 20px !important;border-top-color: #ffffff !important;border-top-style: dotted !important;border-radius: 4px !important;}&#8221;]<\/p>\n<h5><b>Who needs you:<\/b><\/h5>\n<p><span style=\"font-weight: 400;\">We care for a wide range of cats who benefit from foster homes, including bottle babies, recovering adults, shy or undersocialized cats, and seniors who want a quiet space to relax. There is always a cat who could use your care. <\/span><\/p>\n<p><span style=\"font-weight: 400;\">Curious who\u2019s waiting for you?\u00a0<a class=\"\" href=\"http:\/\/towncats.org\/sandbox202604\/adopt\/cats-needing-foster-homes\/\" target=\"_blank\" rel=\"noopener\" data-start=\"224\" data-end=\"271\">Meet the cats who need foster homes<\/a><\/span>[\/vc_column_text][\/vc_column][\/vc_row][vc_row css=&#8221;.vc_custom_1774464614905{padding-top: 20px !important;}&#8221;][vc_column width=&#8221;1\/4&#8243;][vc_single_image image=&#8221;21324&#8243; img_size=&#8221;300&#215;325&#8243; style=&#8221;vc_box_rounded&#8221;][\/vc_column][vc_column width=&#8221;3\/4&#8243;][vc_column_text]<span class=\"s1\">If you have any questions, email us at <\/span><strong><span class=\"s1\"><a href=\"mailto:foster@towncats.org\">foster@towncats.org<\/a><\/span><\/strong>[\/vc_column_text][vc_btn title=&#8221;Apply To Join Our Volunteer Foster Program&#8221; style=&#8221;custom&#8221; custom_background=&#8221;#6650a1&#8243; custom_text=&#8221;#ffffff&#8221; align=&#8221;center&#8221; i_icon_fontawesome=&#8221;fa fa-heart-o&#8221; button_block=&#8221;true&#8221; add_icon=&#8221;true&#8221; link=&#8221;url:https%3A%2F%2Fnew.shelterluv.com%2Fmatchme%2Ffoster%2FTOWN%2FCat||target:%20_blank|&#8221;][\/vc_column][\/vc_row]<\/p>\n","protected":false},"excerpt":{"rendered":"<p>[vc_row row_type=&#8221;row&#8221; use_row_as_full_screen_section=&#8221;no&#8221; type=&#8221;full_width&#8221; angled_section=&#8221;no&#8221; text_align=&#8221;left&#8221; background_image_as_pattern=&#8221;without_pattern&#8221;][vc_column width=&#8221;1\/4&#8243; css=&#8221;.vc_custom_1774464319377{margin: 0px !important;padding: 0px !important;border: 0px initial !important;}&#8221;][\/vc_column][vc_column width=&#8221;3\/4&#8243;][\/vc_column][\/vc_row][vc_row css=&#8221;.vc_custom_1774464614905{padding-top: 20px !important;}&#8221;][vc_column width=&#8221;1\/4&#8243;][vc_single_image image=&#8221;21080&#8243; img_size=&#8221;300&#215;325&#8243; style=&#8221;vc_box_rounded&#8221;][\/vc_column][vc_column width=&#8221;3\/4&#8243;][vc_column_text] Why Foster? Fostering offers cats a gentle place to land \u2014 a safe, loving home where they can grow, heal, and feel secure until they\u2019re ready for adoption. From tiny [&hellip;]<\/p>\n","protected":false},"author":28,"featured_media":21076,"parent":0,"menu_order":0,"comment_status":"closed","ping_status":"closed","template":"","meta":{"footnotes":""},"class_list":["post-15559","page","type-page","status-publish","has-post-thumbnail","hentry"],"_links":{"self":[{"href":"http:\/\/towncats.org\/sandbox202604\/wp-json\/wp\/v2\/pages\/15559"}],"collection":[{"href":"http:\/\/towncats.org\/sandbox202604\/wp-json\/wp\/v2\/pages"}],"about":[{"href":"http:\/\/towncats.org\/sandbox202604\/wp-json\/wp\/v2\/types\/page"}],"author":[{"embeddable":true,"href":"http:\/\/towncats.org\/sandbox202604\/wp-json\/wp\/v2\/users\/28"}],"replies":[{"embeddable":true,"href":"http:\/\/towncats.org\/sandbox202604\/wp-json\/wp\/v2\/comments?post=15559"}],"version-history":[{"count":52,"href":"http:\/\/towncats.org\/sandbox202604\/wp-json\/wp\/v2\/pages\/15559\/revisions"}],"predecessor-version":[{"id":21880,"href":"http:\/\/towncats.org\/sandbox202604\/wp-json\/wp\/v2\/pages\/15559\/revisions\/21880"}],"wp:featuredmedia":[{"embeddable":true,"href":"http:\/\/towncats.org\/sandbox202604\/wp-json\/wp\/v2\/media\/21076"}],"wp:attachment":[{"href":"http:\/\/towncats.org\/sandbox202604\/wp-json\/wp\/v2\/media?parent=15559"}],"curies":[{"name":"wp","href":"https:\/\/api.w.org\/{rel}","templated":true}]}}